{"id":1882,"date":"2014-12-11T06:20:23","date_gmt":"2014-12-11T06:20:23","guid":{"rendered":"http:\/\/wedesignthemes.com\/themes\/dummy-dtkidslife\/?page_id=71"},"modified":"2016-04-25T21:46:22","modified_gmt":"2016-04-25T21:46:22","slug":"home","status":"publish","type":"page","link":"https:\/\/jardinhabiaunavez.com.ar\/web\/","title":{"rendered":"Home"},"content":{"rendered":"<div  class='fullwidth-section ' >\t<div class=\"container\"><div class='dt-sc-hr-invisible-large  '><\/div><div  class='column dt-sc-one-fourth   first'  ><div class='dt-sc-ico-content type1'><div class='icon'>\t<div class=\"icon-outer\">\t\t<img title='' alt='' src='http:\/\/jardinhabiaunavez.com.ar\/web\/wp-content\/uploads\/2016\/03\/niaa-cocinando.jpg'>\t<\/div><\/div><h4>Jornada<\/h4><p>Las Jornadas est\u00e1n divididas en momentos<\/p>\n<p>Desayuno,&nbsp;Merienda,&nbsp;Actividades planificadas (Paseos, clases, talleres)<\/p>\n<p>Juegos guiados yJuegos libres<\/p><\/div><\/div><div  class='column dt-sc-one-fourth   '  ><div class='dt-sc-ico-content type1'><div class='icon'>\t<div class=\"icon-outer\">\t\t<img title='' alt='' src='http:\/\/jardinhabiaunavez.com.ar\/web\/wp-content\/uploads\/2016\/04\/HORARIO.png'>\t<\/div><\/div><h4>Horario<\/h4><p>Lunes a Viernes<\/p>\n<p>6:30 a 14:00 y 15:45 a 21:00hs<\/p><\/div><\/div><div  class='column dt-sc-one-fourth   '  ><div class='dt-sc-ico-content type1'><div class='icon'>\t<div class=\"icon-outer\">\t\t<img title='' alt='' src='http:\/\/jardinhabiaunavez.com.ar\/web\/wp-content\/uploads\/2016\/04\/psicoped.png'>\t<\/div><\/div><h4>Asesoramiento Psicopedag\u00f3gico<\/h4><p>Un profesional realiza visitas semanales y supervisa a todos los ni\u00f1os del jard\u00edn. Realizando reportes que llegan a los padres.<\/p><\/div><\/div><div  class='column dt-sc-one-fourth   '  ><div class='dt-sc-ico-content type1'><div class='icon'>\t<div class=\"icon-outer\">\t\t<img title='' alt='' src='http:\/\/jardinhabiaunavez.com.ar\/web\/wp-content\/uploads\/2016\/03\/educ.jpg'>\t<\/div><\/div><h4>Ante Accidentes<\/h4><p>Contamos con cobertura m\u00e9dica en el horario en que el ni\u00f1o se encuentra dentro de la instituci\u00f3n. M\u00e9dicos de emergencias. El servicio pertence a la empresa CELSO de la provincia de Misiones.<\/p><\/div><\/div><div class='dt-sc-hr-invisible  '><\/div>\t<\/div><\/div><div  class='fullwidth-section skin-color dt-sc-parallax-section '  style=\"background-image:url(http:\/\/wedesignthemes.com\/html\/kidslife\/images\/cloud-bg.png);background-repeat:repeat;background-position:center center;padding-top:78px;padding-bottom:30px;background-attachment:fixed; \">\t<div class=\"container\"><div  class='column dt-sc-one-half   first'  ><h2>Actividades<\/h2>\n<div  class='column dt-sc-one-half  space first'  ><div class='dt-sc-ico-content  type2'><div class='icon'> <span class='fa fa-music'> <\/span> <\/div><h4><a href='#' target='_blank'> Clases de m\u00fasica <\/a><\/h4><p>En este taller los ni\u00f1os aprenden diferentes canciones infantiles y durante el a\u00f1o trabajan sobre la fabricaci\u00f3n de varios instrumentos musicales con materiales reciclables.<\/p><\/div><div class='dt-sc-hr-invisible-very-small  '><\/div><div class='dt-sc-ico-content  type2'><div class='icon'> <span class='fa fa-graduation-cap'> <\/span> <\/div><h4><a href='#' target='_blank'> Clases de Ingl\u00e9s <\/a><\/h4><p>A partir de la sala de 3 a\u00f1os con una frecuencia de dos veces por semana a cargo de una teacher o profesora especial trabajando con materiales did\u00e1cticos y audiovisuales aprenden este lenguaje.<\/p><\/div><div class='dt-sc-hr-invisible-very-small  '><\/div><div class='dt-sc-ico-content  type2'><div class='icon'> <span class='fa fa-child'> <\/span> <\/div><h4><a href='#' target='_blank'> Clases de educaci\u00f3n f\u00edsica <\/a><\/h4><p>A trav\u00e9s del juego los ni\u00f1os realizan actividades que&nbsp; lo ayudan a familiarizarse con su cuerpo y el espacio. Utilizan elementos como ser: pelotas,&nbsp; aros, cesto, sogas, colchonetas.<\/p><\/div><\/div><div  class='column dt-sc-one-half  space '  ><div class='dt-sc-ico-content  type2'><div class='icon'> <span class='fa fa-magic'> <\/span> <\/div><h4><a href='#' target='_blank'> Taller de cocina <\/a><\/h4><p>Los ni\u00f1os aprenden a familiarizarse con los alimentos con recetas sencillas y de pocos ingredientes aprenden el paso a paso de sus comidas preferidas tanto dulces como saladas. Durante el a\u00f1o aprender a cocinar: pizzas, Muffins, alfajores, chipa, tortas, pastelitos.<\/p><\/div><div class='dt-sc-hr-invisible-very-small  '><\/div><div class='dt-sc-ico-content  type2'><div class='icon'> <span class='fa fa-picture-o'> <\/span> <\/div><h4><a href='#' target='_blank'> Taller de arte <\/a><\/h4><p>Aprenden a crear y expresarse a trav\u00e9s del arte utilizando diversos materiales, t\u00e9cnicas, texturas y elementos.<\/p><\/div><div class='dt-sc-hr-invisible-very-small  '><\/div><div class='dt-sc-ico-content  type2'><div class='icon'> <span class='fa fa-tree'> <\/span> <\/div><h4><a href='#' target='_blank'> Paseos <\/a><\/h4><p>Comienzan con un paseo a la vuelta a la manzana, con el mismo aprenden cuando no cruzar o s\u00ed la calle, el correcto comportamiento en la v\u00eda p\u00fablica, etc. De esta manera el ni\u00f1o reconoce el barrio donde se encuentra el jard\u00edn. El siguiente paseo consiste en llegar a la plaza m\u00e1s cercana del jard\u00edn. Una vez al a\u00f1o los ni\u00f1os realizan el paseo m\u00e1s importante y did\u00e1ctico, el paseo a la granja donde disfrutan de un d\u00eda entero al aire libre, conviviendo con animales, cocinando, haciendo tareas de agricultura.<\/p><\/div><\/div><\/div><div  class='column dt-sc-one-half   '  ><p><a href=\"https:\/\/jardinhabiaunavez.com.ar\/web\/wp-content\/uploads\/2016\/04\/sinfondo.png\" data-src=\"https:\/\/jardinhabiaunavez.com.ar\/web\/wp-content\/uploads\/2016\/04\/sinfondo.png\" data-thumb=\"http:\/\/jardinhabiaunavez.com.ar\/web\/wp-content\/uploads\/2016\/04\/sinfondo.png\" class=\"ml-lightbox-enabled\"><img loading=\"lazy\" decoding=\"async\" class=\"alignnone wp-image-2175 size-full\" src=\"http:\/\/jardinhabiaunavez.com.ar\/web\/wp-content\/uploads\/2016\/04\/sinfondo.png\" alt=\"sinfondo\" width=\"488\" height=\"529\" srcset=\"https:\/\/jardinhabiaunavez.com.ar\/web\/wp-content\/uploads\/2016\/04\/sinfondo.png 488w, https:\/\/jardinhabiaunavez.com.ar\/web\/wp-content\/uploads\/2016\/04\/sinfondo-277x300.png 277w\" sizes=\"auto, (max-width: 488px) 100vw, 488px\" \/><\/a><\/p><\/div>\t<\/div><\/div><div  class='fullwidth-section '  style=\"padding-top:30px;padding-bottom:20px;margin-top:30px;margin-bottom:20px;\">\t<div class=\"container\"><h2 class='dt-sc-title  '>Todas las salas cuentan con m\u00fasica funcional y ambientes climatizados.<\/h2><div class=\"dt-sc-clear\"><\/div>\t<\/div><\/div><div  class='fullwidth-section '  style=\"padding-top:30px;padding-bottom:20px;margin-top:30px;margin-bottom:20px;\">\t<div class=\"container\"><div class='portfolio-content portfolio-content0'>\t<div class=\"front-portfolio\">\t\t<div class=\"portfolio-outer\">\t\t\t<div class=\"portfolio-thumb\">\t\t\t\t<img src='http:\/\/jardinhabiaunavez.com.ar\/web\/wp-content\/uploads\/2016\/04\/afuera-2.jpg' alt='' title='' width='1170' height='1010'>\t\t\t\t <div class='image-overlay' style=' background: rgba(234,157,95,0.9)'>\t\t\t\t\t<h5><a href='https:\/\/jardinhabiaunavez.com.ar\/web\/dt_portfolios\/leisure-time\/'>Por fuera<\/a><\/h5>\t\t\t\t\t<a style = \"color:#ea9d5f;\"  href='https:\/\/jardinhabiaunavez.com.ar\/web\/dt_portfolios\/leisure-time\/' class='link'> <span class='fa fa-link'> <\/span> <\/a>\t\t\t\t\t<a style = \"color:#ea9d5f;\"  href='http:\/\/jardinhabiaunavez.com.ar\/web\/wp-content\/uploads\/2016\/04\/afuera-2.jpg' data-gal='prettyPhoto[gallery]' class='zoom'><span class='fa fa-search'><\/span><\/a>\t\t\t\t <\/div>\t\t\t<\/div>\t\t<\/div>\t<\/div><\/div><div class='portfolio-content portfolio-content1'>\t<div class=\"front-portfolio\">\t\t<div class=\"portfolio-outer\">\t\t\t<div class=\"portfolio-thumb\">\t\t\t\t<img src='http:\/\/jardinhabiaunavez.com.ar\/web\/wp-content\/uploads\/2016\/04\/DSC_0446_2.jpg' alt='' title='' width='1170' height='1010'>\t\t\t\t <div class='image-overlay' style=' background: rgba(222,129,184,0.9)'>\t\t\t\t\t<h5><a href='https:\/\/jardinhabiaunavez.com.ar\/web\/dt_portfolios\/with-friends\/'>Por dentro<\/a><\/h5>\t\t\t\t\t<a style = \"color:#de81b8;\"  href='https:\/\/jardinhabiaunavez.com.ar\/web\/dt_portfolios\/with-friends\/' class='link'> <span class='fa fa-link'> <\/span> <\/a>\t\t\t\t\t<a style = \"color:#de81b8;\"  href='http:\/\/jardinhabiaunavez.com.ar\/web\/wp-content\/uploads\/2016\/04\/DSC_0446_2.jpg' data-gal='prettyPhoto[gallery]' class='zoom'><span class='fa fa-search'><\/span><\/a>\t\t\t\t <\/div>\t\t\t<\/div>\t\t<\/div>\t<\/div><\/div><div class='portfolio-content portfolio-content2'>\t<div class=\"front-portfolio\">\t\t<div class=\"portfolio-outer\">\t\t\t<div class=\"portfolio-thumb\">\t\t\t\t<img src='http:\/\/jardinhabiaunavez.com.ar\/web\/wp-content\/uploads\/2016\/04\/DSC_0492_2.jpg' alt='' title='' width='1170' height='1010'>\t\t\t\t <div class='image-overlay' style=' background: rgba(242,124,126,0.9)'>\t\t\t\t\t<h5><a href='https:\/\/jardinhabiaunavez.com.ar\/web\/dt_portfolios\/toddler-care\/'>Diversi\u00f3n<\/a><\/h5>\t\t\t\t\t<a style = \"color:#f27c7e;\"  href='https:\/\/jardinhabiaunavez.com.ar\/web\/dt_portfolios\/toddler-care\/' class='link'> <span class='fa fa-link'> <\/span> <\/a>\t\t\t\t\t<a style = \"color:#f27c7e;\"  href='http:\/\/jardinhabiaunavez.com.ar\/web\/wp-content\/uploads\/2016\/04\/DSC_0492_2.jpg' data-gal='prettyPhoto[gallery]' class='zoom'><span class='fa fa-search'><\/span><\/a>\t\t\t\t <\/div>\t\t\t<\/div>\t\t<\/div>\t<\/div><\/div><div class='portfolio-content portfolio-content3'>\t<div class=\"front-portfolio\">\t\t<div class=\"portfolio-outer\">\t\t\t<div class=\"portfolio-thumb\">\t\t\t\t<img src='http:\/\/jardinhabiaunavez.com.ar\/web\/wp-content\/uploads\/2016\/04\/DSC_0508.jpg' alt='' title='' width='1170' height='1010'>\t\t\t\t <div class='image-overlay' style=' background: rgba(76,188,212,0.9)'>\t\t\t\t\t<h5><a href='https:\/\/jardinhabiaunavez.com.ar\/web\/dt_portfolios\/park-games\/'>Juegos<\/a><\/h5>\t\t\t\t\t<a style = \"color:#4cbcd4;\"  href='https:\/\/jardinhabiaunavez.com.ar\/web\/dt_portfolios\/park-games\/' class='link'> <span class='fa fa-link'> <\/span> <\/a>\t\t\t\t\t<a style = \"color:#4cbcd4;\"  href='http:\/\/jardinhabiaunavez.com.ar\/web\/wp-content\/uploads\/2016\/04\/DSC_0508.jpg' data-gal='prettyPhoto[gallery]' class='zoom'><span class='fa fa-search'><\/span><\/a>\t\t\t\t <\/div>\t\t\t<\/div>\t\t<\/div>\t<\/div><\/div><div class='portfolio-content portfolio-content4'>\t<div class=\"front-portfolio\">\t\t<div class=\"portfolio-outer\">\t\t\t<div class=\"portfolio-thumb\">\t\t\t\t<img src='http:\/\/jardinhabiaunavez.com.ar\/web\/wp-content\/uploads\/2016\/04\/patiocubierto.jpg' alt='' title='' width='1170' height='1010'>\t\t\t\t <div class='image-overlay' style=''>\t\t\t\t\t<h5><a href='https:\/\/jardinhabiaunavez.com.ar\/web\/dt_portfolios\/parque-de-juegos\/'>Parque de juegos<\/a><\/h5>\t\t\t\t\t<a  href='https:\/\/jardinhabiaunavez.com.ar\/web\/dt_portfolios\/parque-de-juegos\/' class='link'> <span class='fa fa-link'> <\/span> <\/a>\t\t\t\t\t<a  href='http:\/\/jardinhabiaunavez.com.ar\/web\/wp-content\/uploads\/2016\/04\/patiocubierto.jpg' data-gal='prettyPhoto[gallery]' class='zoom'><span class='fa fa-search'><\/span><\/a>\t\t\t\t <\/div>\t\t\t<\/div>\t\t<\/div>\t<\/div><\/div><div class='portfolio-content portfolio-content5'>\t<div class=\"front-portfolio\">\t\t<div class=\"portfolio-outer\">\t\t\t<div class=\"portfolio-thumb\">\t\t\t\t<img src='http:\/\/jardinhabiaunavez.com.ar\/web\/wp-content\/uploads\/2016\/04\/DSC_0475_2.jpg' alt='' title='' width='1170' height='1010'>\t\t\t\t <div class='image-overlay' style=''>\t\t\t\t\t<h5><a href='https:\/\/jardinhabiaunavez.com.ar\/web\/dt_portfolios\/colores\/'>Colores<\/a><\/h5>\t\t\t\t\t<a  href='https:\/\/jardinhabiaunavez.com.ar\/web\/dt_portfolios\/colores\/' class='link'> <span class='fa fa-link'> <\/span> <\/a>\t\t\t\t\t<a  href='http:\/\/jardinhabiaunavez.com.ar\/web\/wp-content\/uploads\/2016\/04\/DSC_0475_2.jpg' data-gal='prettyPhoto[gallery]' class='zoom'><span class='fa fa-search'><\/span><\/a>\t\t\t\t <\/div>\t\t\t<\/div>\t\t<\/div>\t<\/div><\/div><div class='portfolio-content portfolio-content6'>\t<div class=\"front-portfolio\">\t\t<div class=\"portfolio-outer\">\t\t\t<div class=\"portfolio-thumb\">\t\t\t\t<img src='http:\/\/jardinhabiaunavez.com.ar\/web\/wp-content\/uploads\/2016\/04\/DSC_0594.jpg' alt='' title='' width='1170' height='1010'>\t\t\t\t <div class='image-overlay' style=''>\t\t\t\t\t<h5><a href='https:\/\/jardinhabiaunavez.com.ar\/web\/dt_portfolios\/herramientas\/'>Herramientas<\/a><\/h5>\t\t\t\t\t<a  href='https:\/\/jardinhabiaunavez.com.ar\/web\/dt_portfolios\/herramientas\/' class='link'> <span class='fa fa-link'> <\/span> <\/a>\t\t\t\t\t<a  href='http:\/\/jardinhabiaunavez.com.ar\/web\/wp-content\/uploads\/2016\/04\/DSC_0594.jpg' data-gal='prettyPhoto[gallery]' class='zoom'><span class='fa fa-search'><\/span><\/a>\t\t\t\t <\/div>\t\t\t<\/div>\t\t<\/div>\t<\/div><\/div><div class=\"dt-sc-clear\"><\/div>\t<\/div><\/div><div  class='fullwidth-section dark-bg dt-sc-parallax-section '  style=\"background-color:rgba(0,0,0,0.9); background-image:url(http:\/\/wedesignthemes.com\/themes\/dummy-dtkidslife\/wp-content\/uploads\/2014\/12\/fullwidth-blog-bg.png);background-repeat:no-repeat;background-position:left top;padding-top:78px;padding-bottom:78px;background-attachment:fixed; \">\t<div class=\"container\"><h2 class='dt-sc-title white '>Espacios<\/h2><div  class='column dt-sc-one-third   first'  ><h2 class='dt-sc-title white '>Sala de beb\u00e9s<\/h2>\n<p><a href=\"https:\/\/jardinhabiaunavez.com.ar\/web\/wp-content\/uploads\/2016\/04\/saladebebes.jpg\" data-src=\"https:\/\/jardinhabiaunavez.com.ar\/web\/wp-content\/uploads\/2016\/04\/saladebebes.jpg\" data-thumb=\"http:\/\/jardinhabiaunavez.com.ar\/web\/wp-content\/uploads\/2016\/04\/saladebebes.jpg\" class=\"ml-lightbox-enabled\"><img loading=\"lazy\" decoding=\"async\" class=\"alignnone wp-image-2261 size-full\" src=\"http:\/\/jardinhabiaunavez.com.ar\/web\/wp-content\/uploads\/2016\/04\/saladebebes.jpg\" alt=\"saladebebes\" width=\"350\" height=\"200\" srcset=\"https:\/\/jardinhabiaunavez.com.ar\/web\/wp-content\/uploads\/2016\/04\/saladebebes.jpg 350w, https:\/\/jardinhabiaunavez.com.ar\/web\/wp-content\/uploads\/2016\/04\/saladebebes-300x171.jpg 300w\" sizes=\"auto, (max-width: 350px) 100vw, 350px\" \/><\/a><\/p>\n<p>Es una sala ambientada para albergar desde reci\u00e9n nacidos hasta ni\u00f1os de un a\u00f1o. Cuenta con cunas para el descanso, alfombras blandas para el gateo, butacas y bebesit para la hora de la comida, cambiador, juguetes interactivos y juguetes m\u00f3viles. Responsables del sal\u00f3n son una maestra y dos auxiliares.<\/p><\/div><div  class='column dt-sc-one-third   '  ><h2 class='dt-sc-title white '>Patio Cubierto<\/h2>\n<p><a href=\"https:\/\/jardinhabiaunavez.com.ar\/web\/wp-content\/uploads\/2016\/04\/patiocubierto.jpg\" data-src=\"https:\/\/jardinhabiaunavez.com.ar\/web\/wp-content\/uploads\/2016\/04\/patiocubierto.jpg\" data-thumb=\"http:\/\/jardinhabiaunavez.com.ar\/web\/wp-content\/uploads\/2016\/04\/patiocubierto.jpg\" class=\"ml-lightbox-enabled\"><img loading=\"lazy\" decoding=\"async\" class=\"alignnone wp-image-2262 size-full\" src=\"http:\/\/jardinhabiaunavez.com.ar\/web\/wp-content\/uploads\/2016\/04\/patiocubierto.jpg\" alt=\"patiocubierto\" width=\"350\" height=\"200\" srcset=\"https:\/\/jardinhabiaunavez.com.ar\/web\/wp-content\/uploads\/2016\/04\/patiocubierto.jpg 350w, https:\/\/jardinhabiaunavez.com.ar\/web\/wp-content\/uploads\/2016\/04\/patiocubierto-300x171.jpg 300w\" sizes=\"auto, (max-width: 350px) 100vw, 350px\" \/><\/a><\/p>\n<p>Es una sala de juegos con pisos blandos con el objetivo de en los d\u00edas de lluvia el ni\u00f1o igual pueda disfrutar de los juegos de patio. Cuenta con un tobog\u00e1n, subi-baja, calesitas, caballitos, cesto de pelotas, etc.<\/p><\/div><div  class='column dt-sc-one-third   '  ><h2 class='dt-sc-title white '>Patio Descubierto<\/h2>\n<p><a href=\"https:\/\/jardinhabiaunavez.com.ar\/web\/wp-content\/uploads\/2016\/04\/pariodescubierto.jpg\" data-src=\"https:\/\/jardinhabiaunavez.com.ar\/web\/wp-content\/uploads\/2016\/04\/pariodescubierto.jpg\" data-thumb=\"http:\/\/jardinhabiaunavez.com.ar\/web\/wp-content\/uploads\/2016\/04\/pariodescubierto.jpg\" class=\"ml-lightbox-enabled\"><img loading=\"lazy\" decoding=\"async\" class=\"alignnone wp-image-2263 size-full\" src=\"http:\/\/jardinhabiaunavez.com.ar\/web\/wp-content\/uploads\/2016\/04\/pariodescubierto.jpg\" alt=\"pariodescubierto\" width=\"350\" height=\"200\" srcset=\"https:\/\/jardinhabiaunavez.com.ar\/web\/wp-content\/uploads\/2016\/04\/pariodescubierto.jpg 350w, https:\/\/jardinhabiaunavez.com.ar\/web\/wp-content\/uploads\/2016\/04\/pariodescubierto-300x171.jpg 300w\" sizes=\"auto, (max-width: 350px) 100vw, 350px\" \/><\/a><\/p>\n<p>Es un patio con juegos t\u00edpicos de plaza sobre c\u00e9sped. Cuenta con una hamaca, subi-bajas, trepador, un tobog\u00e1n, etc.<\/p><\/div><div  class='column dt-sc-one-third   first'  ><h2 class='dt-sc-title white '>Sala de Espera<\/h2>\n<p><a href=\"https:\/\/jardinhabiaunavez.com.ar\/web\/wp-content\/uploads\/2016\/04\/saladeespera.jpg\" data-src=\"https:\/\/jardinhabiaunavez.com.ar\/web\/wp-content\/uploads\/2016\/04\/saladeespera.jpg\" data-thumb=\"http:\/\/jardinhabiaunavez.com.ar\/web\/wp-content\/uploads\/2016\/04\/saladeespera.jpg\" class=\"ml-lightbox-enabled\"><img loading=\"lazy\" decoding=\"async\" class=\"alignnone wp-image-2264 size-full\" src=\"http:\/\/jardinhabiaunavez.com.ar\/web\/wp-content\/uploads\/2016\/04\/saladeespera.jpg\" alt=\"saladeespera\" width=\"350\" height=\"200\" srcset=\"https:\/\/jardinhabiaunavez.com.ar\/web\/wp-content\/uploads\/2016\/04\/saladeespera.jpg 350w, https:\/\/jardinhabiaunavez.com.ar\/web\/wp-content\/uploads\/2016\/04\/saladeespera-300x171.jpg 300w\" sizes=\"auto, (max-width: 350px) 100vw, 350px\" \/><\/a><\/p>\n<p>Ofrecemos un sitio con c\u00f3modos sillones y ambiente climatizado donde el padre puede monitorear en vivo las cuatro salas pudiendo ver al ni\u00f1o en el jard\u00edn sin que el ni\u00f1o lo vea.<\/p><\/div><div  class='column dt-sc-one-third   '  ><h2 class='dt-sc-title white '>Direcci\u00f3n<\/h2>\n<p><a href=\"https:\/\/jardinhabiaunavez.com.ar\/web\/wp-content\/uploads\/2016\/04\/direccion.jpg\" data-src=\"https:\/\/jardinhabiaunavez.com.ar\/web\/wp-content\/uploads\/2016\/04\/direccion.jpg\" data-thumb=\"http:\/\/jardinhabiaunavez.com.ar\/web\/wp-content\/uploads\/2016\/04\/direccion.jpg\" class=\"ml-lightbox-enabled\"><img loading=\"lazy\" decoding=\"async\" class=\"alignnone wp-image-2265 size-full\" src=\"http:\/\/jardinhabiaunavez.com.ar\/web\/wp-content\/uploads\/2016\/04\/direccion.jpg\" alt=\"direccion\" width=\"350\" height=\"200\" srcset=\"https:\/\/jardinhabiaunavez.com.ar\/web\/wp-content\/uploads\/2016\/04\/direccion.jpg 350w, https:\/\/jardinhabiaunavez.com.ar\/web\/wp-content\/uploads\/2016\/04\/direccion-300x171.jpg 300w\" sizes=\"auto, (max-width: 350px) 100vw, 350px\" \/><\/a><\/p>\n<p>En este sitio se permite el ingreso o no ingreso al jard\u00edn, se abonan cuotas, los padres recaudan informaci\u00f3n y asesoramiento con respecto a las actividades del jard\u00edn. Los directivos desde este punto supervisan el normal funcionamiento de los distintos espacios como as\u00ed tambi\u00e9n de todo el personal.<\/p><\/div><div  class='column dt-sc-one-third   '  ><h2 class='dt-sc-title white '>Sala de 1-2-3 a\u00f1os<\/h2>\n<p><a href=\"https:\/\/jardinhabiaunavez.com.ar\/web\/wp-content\/uploads\/2016\/04\/sala-de-1-2-3-anios.jpg\" data-src=\"https:\/\/jardinhabiaunavez.com.ar\/web\/wp-content\/uploads\/2016\/04\/sala-de-1-2-3-anios.jpg\" data-thumb=\"http:\/\/jardinhabiaunavez.com.ar\/web\/wp-content\/uploads\/2016\/04\/sala-de-1-2-3-anios.jpg\" class=\"ml-lightbox-enabled\"><img loading=\"lazy\" decoding=\"async\" class=\"alignnone wp-image-2266 size-full\" src=\"http:\/\/jardinhabiaunavez.com.ar\/web\/wp-content\/uploads\/2016\/04\/sala-de-1-2-3-anios.jpg\" alt=\"sala-de-1-2-3-anios\" width=\"350\" height=\"200\" srcset=\"https:\/\/jardinhabiaunavez.com.ar\/web\/wp-content\/uploads\/2016\/04\/sala-de-1-2-3-anios.jpg 350w, https:\/\/jardinhabiaunavez.com.ar\/web\/wp-content\/uploads\/2016\/04\/sala-de-1-2-3-anios-300x171.jpg 300w\" sizes=\"auto, (max-width: 350px) 100vw, 350px\" \/><\/a><\/p>\n<p>Estas salas est\u00e1n ambientadas seg\u00fan la edad, cuentan con materiales did\u00e1cticos, audiovisuales, equipos de tv, mobiliario adecuado y musicalizaci\u00f3n. Cada sala tiene una docente y un auxiliar a cargo con cupos limitados para brindar un mejor servicio.<\/p><\/div>\t<\/div><\/div><div class='dt-sc-hr-invisible  '><\/div><div  class='fullwidth-section ' >\t<div class=\"container\"><h2 class='dt-sc-title  '>Equipo Conducci\u00f3n<\/h2><div  class='column dt-sc-one-third   first'  ><div class='dt-sc-team'>\t<div class=\"image\">\t\t<img decoding=\"async\" class=\"item-mask\" src=\"https:\/\/jardinhabiaunavez.com.ar\/web\/wp-content\/plugins\/designthemes-core-features\/shortcodes\/images\/mask.png\" alt=\"\" title=\"\"><img src='http:\/\/jardinhabiaunavez.com.ar\/web\/wp-content\/uploads\/2016\/04\/silvina_saldania.jpg' alt='Please specify image url' title='Please specify image url' \/>\t\t<div class=\"image-overlay\">\t\t<\/div>\t<\/div>\t<div class=\"team-details\"><h4>Silvia&nbsp;Salda\u00f1a<\/h4><h6>Directora del Jard\u00edn<\/h6><p>Es el nexo entre el padre y el docente, dirigiendo a los docentes y orientando a los padres en toda la trayectoria del ni\u00f1o. Las dudas, consultas,&nbsp; inquietudes, sugerencias, pedidos especiales de los padres son atendidos por la directora para el mejor funcionamiento dela instituci\u00f3n.<\/p>\t<\/div><\/div><\/div><div  class='column dt-sc-one-third   '  ><div class='dt-sc-team'>\t<div class=\"image\">\t\t<img decoding=\"async\" class=\"item-mask\" src=\"https:\/\/jardinhabiaunavez.com.ar\/web\/wp-content\/plugins\/designthemes-core-features\/shortcodes\/images\/mask.png\" alt=\"\" title=\"\"><img src='http:\/\/jardinhabiaunavez.com.ar\/web\/wp-content\/uploads\/2016\/04\/estela_vellozo.jpg' alt='Please specify image url' title='Please specify image url' \/>\t\t<div class=\"image-overlay\">\t\t<\/div>\t<\/div>\t<div class=\"team-details\"><h4>Estella Vellozo<\/h4><h6>Coordinadora del Jard\u00edn<\/h6><p>Coordina el equipo docente y realiza las planificaciones de las actividades de todo el a\u00f1o de cada sala, como tambi\u00e9n reemplaza en sus actividades a la directora cuando la misma se encuentra ausente.<\/p>\t<\/div><\/div><\/div><div  class='column dt-sc-one-third   '  ><div class='dt-sc-team'>\t<div class=\"image\">\t\t<img decoding=\"async\" class=\"item-mask\" src=\"https:\/\/jardinhabiaunavez.com.ar\/web\/wp-content\/plugins\/designthemes-core-features\/shortcodes\/images\/mask.png\" alt=\"\" title=\"\"><img src='http:\/\/jardinhabiaunavez.com.ar\/web\/wp-content\/uploads\/2016\/04\/marcelo_mackow.jpg' alt='Please specify image url' title='Please specify image url' \/>\t\t<div class=\"image-overlay\">\t\t<\/div>\t<\/div>\t<div class=\"team-details\"><h4>Marcelo Mackow<\/h4><h6>Administrador<\/h6><p>Es el responsable de la gesti\u00f3n del jard\u00edn, atiende a los padres al momento del pago de las cuotas, tambi\u00e9n realiza el pago de los servicios, las compras de insumos y la contrataci\u00f3n de servicios de terceros&nbsp; para el funcionamiento cotidiano del jard\u00edn.<\/p>\t<\/div><\/div><\/div>\t<\/div><\/div><div class='dt-sc-hr-invisible  '><\/div>\n","protected":false},"excerpt":{"rendered":"","protected":false},"author":2,"featured_media":0,"parent":0,"menu_order":0,"comment_status":"open","ping_status":"open","template":"tpl-fullwidth.php","meta":{"footnotes":""},"class_list":["post-1882","page","type-page","status-publish","hentry"],"_links":{"self":[{"href":"https:\/\/jardinhabiaunavez.com.ar\/web\/wp-json\/wp\/v2\/pages\/1882","targetHints":{"allow":["GET"]}}],"collection":[{"href":"https:\/\/jardinhabiaunavez.com.ar\/web\/wp-json\/wp\/v2\/pages"}],"about":[{"href":"https:\/\/jardinhabiaunavez.com.ar\/web\/wp-json\/wp\/v2\/types\/page"}],"author":[{"embeddable":true,"href":"https:\/\/jardinhabiaunavez.com.ar\/web\/wp-json\/wp\/v2\/users\/2"}],"replies":[{"embeddable":true,"href":"https:\/\/jardinhabiaunavez.com.ar\/web\/wp-json\/wp\/v2\/comments?post=1882"}],"version-history":[{"count":174,"href":"https:\/\/jardinhabiaunavez.com.ar\/web\/wp-json\/wp\/v2\/pages\/1882\/revisions"}],"predecessor-version":[{"id":2388,"href":"https:\/\/jardinhabiaunavez.com.ar\/web\/wp-json\/wp\/v2\/pages\/1882\/revisions\/2388"}],"wp:attachment":[{"href":"https:\/\/jardinhabiaunavez.com.ar\/web\/wp-json\/wp\/v2\/media?parent=1882"}],"curies":[{"name":"wp","href":"https:\/\/api.w.org\/{rel}","templated":true}]}}